{"id":182,"date":"2015-09-18T10:31:00","date_gmt":"2015-09-18T09:31:00","guid":{"rendered":"http:\/\/www.mci-uitqi.org\/?page_id=182"},"modified":"2021-05-06T14:02:13","modified_gmt":"2021-05-06T13:02:13","slug":"liens","status":"publish","type":"page","link":"https:\/\/mci-qi.org\/?page_id=182","title":{"rendered":"Liens"},"content":{"rendered":"<div class=\"entry-content\">\n<div class=\"pf-content\">\n<h3 style=\"text-align: justify;\"><span class=\"menu\"><strong>Autres partis se r\u00e9clamant du mouvement ouvrier<br \/>\n<\/strong><\/span><\/h3>\n<p style=\"text-align: justify;\"><span class=\"texte\"><img decoding=\"async\" style=\"vertical-align: middle;\" src=\"http:\/\/www.mci-qi.org\/wp-content\/uploads\/2015\/09\/triangle.gif\" alt=\"Pseudo-puce\"> <\/span><span class=\"texte\">Lutte Ouvri\u00e8re &#8211; <a href=\"https:\/\/www.lutte-ouvriere.org\/\" target=\"_blank\" rel=\"noopener noreferrer\">LO<\/a><br \/>\n<\/span><img decoding=\"async\" style=\"vertical-align: middle;\" src=\"http:\/\/www.mci-qi.org\/wp-content\/uploads\/2015\/09\/triangle.gif\" alt=\"Pseudo-puce\"> <span class=\"texte\">Nouveau Parti Anticapitaliste &#8211; <a href=\"http:\/\/www.npa2009.org\/\" target=\"_blank\" rel=\"noopener noreferrer\">NPA<\/a><\/span><br class=\"texte\"><img decoding=\"async\" style=\"vertical-align: middle;\" src=\"http:\/\/www.mci-qi.org\/wp-content\/uploads\/2015\/09\/triangle.gif\" alt=\"Pseudo-puce\"> <span class=\"texte\">Parti Communiste Fran\u00e7ais &#8211; <a href=\"http:\/\/www.pcf.fr\/\" target=\"_blank\" rel=\"noopener noreferrer\">PCF<\/a><\/span><br class=\"texte\"><img decoding=\"async\" style=\"vertical-align: middle;\" src=\"http:\/\/www.mci-qi.org\/wp-content\/uploads\/2015\/09\/triangle.gif\" alt=\"Pseudo-puce\"> <span class=\"texte\">Parti de Gauche \u2013 <a href=\"http:\/\/www.lepartidegauche.fr\/\" target=\"_blank\" rel=\"noopener noreferrer\">PG<\/a><\/span><br class=\"texte\"><img decoding=\"async\" class=\"\" style=\"vertical-align: middle;\" src=\"http:\/\/www.mci-qi.org\/wp-content\/uploads\/2015\/09\/triangle.gif\" alt=\"Pseudo-puce\"> <span class=\"texte\">Parti Ouvrier Ind\u00e9pendant D\u00e9mocratique &#8211;&nbsp;<a href=\"https:\/\/latribunedestravailleurs.fr\/\">POID<\/a><br \/>\n<\/span><span class=\"texte\"><img decoding=\"async\" style=\"vertical-align: middle;\" src=\"http:\/\/www.mci-qi.org\/wp-content\/uploads\/2015\/09\/triangle.gif\" alt=\"Pseudo-puce\"> <\/span><span class=\"texte\">Parti Ouvrier Ind\u00e9pendant &#8211; <a href=\"http:\/\/partiouvrierindependant-poi.fr\/\">POI<\/a><br \/>\n<\/span><\/p>\n<h3 style=\"text-align: justify;\"><span class=\"menu\">Les organisations syndicales internationales<\/span><\/h3>\n<p style=\"text-align: justify;\"><img decoding=\"async\" style=\"vertical-align: middle;\" src=\"http:\/\/www.mci-qi.org\/wp-content\/uploads\/2015\/09\/triangle.gif\" alt=\"Pseudo-puce\"><span class=\"texte\"> Conf\u00e9d\u00e9ration Syndicale Internationale \u2013 <a href=\"http:\/\/www.ituc-csi.org\/\" target=\"_blank\" rel=\"noopener noreferrer\">CSI \/ ITUC<\/a><\/span><br class=\"texte\"><img decoding=\"async\" style=\"vertical-align: middle;\" src=\"http:\/\/www.mci-qi.org\/wp-content\/uploads\/2015\/09\/triangle.gif\" alt=\"Pseudo-puce\"><span class=\"texte\"> F\u00e9d\u00e9ration Syndicale Mondiale du Travail \u2013 <a href=\"http:\/\/www.wftucentral.org\/\" target=\"_blank\" rel=\"noopener noreferrer\">FSM<\/a><\/span><br class=\"texte\"><img decoding=\"async\" style=\"vertical-align: middle;\" src=\"http:\/\/www.mci-qi.org\/wp-content\/uploads\/2015\/09\/triangle.gif\" alt=\"Pseudo-puce\"><span class=\"texte\"> Union Network International \u2013 <a href=\"http:\/\/www.union-network.org\/\" target=\"_blank\" rel=\"noopener noreferrer\">UNI<\/a><\/span><br class=\"texte\"><img decoding=\"async\" style=\"vertical-align: middle;\" src=\"http:\/\/www.mci-qi.org\/wp-content\/uploads\/2015\/09\/triangle.gif\" alt=\"Pseudo-puce\"><span class=\"texte\"> Conf\u00e9d\u00e9ration Europ\u00e9enne des Syndicats \u2013 <a href=\"http:\/\/www.etuc.org\/\" target=\"_blank\" rel=\"noopener noreferrer\">CES \/ ETUC<\/a><\/span><\/p>\n<h3 style=\"text-align: justify;\"><span class=\"menu\">Les syndicats ouvriers et paysan en France<\/span><\/h3>\n<p style=\"text-align: justify;\"><img decoding=\"async\" style=\"vertical-align: middle;\" src=\"http:\/\/www.mci-qi.org\/wp-content\/uploads\/2015\/09\/triangle.gif\" alt=\"Pseudo-puce\"><span class=\"texte\"> Conf\u00e9d\u00e9ration G\u00e9n\u00e9rale du Travail \u2013 <a href=\"http:\/\/www.cgt.fr\/\" target=\"_blank\" rel=\"noopener noreferrer\">CGT<\/a><\/span><br class=\"texte\"><img decoding=\"async\" style=\"vertical-align: middle;\" src=\"http:\/\/www.mci-qi.org\/wp-content\/uploads\/2015\/09\/triangle.gif\" alt=\"Pseudo-puce\"><span class=\"texte\"> CGT-Force ouvri\u00e8re \u2013 <a href=\"http:\/\/www.force-ouvriere.fr\/\" target=\"_blank\" rel=\"noopener noreferrer\">CGT-FO<\/a><\/span><br class=\"texte\"><img decoding=\"async\" style=\"vertical-align: middle;\" src=\"http:\/\/www.mci-qi.org\/wp-content\/uploads\/2015\/09\/triangle.gif\" alt=\"Pseudo-puce\"><span class=\"texte\"> Conf\u00e9d\u00e9ration Nationale du Travail \u2013 <a href=\"http:\/\/cnt-f.org\/\" target=\"_blank\" rel=\"noopener noreferrer\">CNT<\/a><\/span><br class=\"texte\"><img decoding=\"async\" style=\"vertical-align: middle;\" src=\"http:\/\/www.mci-qi.org\/wp-content\/uploads\/2015\/09\/triangle.gif\" alt=\"Pseudo-puce\"><span class=\"texte\"> Union Syndicale \u00ab Solidaires \u00bb \u2013 <a href=\"http:\/\/www.solidaires.org\/\" target=\"_blank\" rel=\"noopener noreferrer\">Solidaires<\/a><\/span><br class=\"texte\"><img decoding=\"async\" style=\"vertical-align: middle;\" src=\"http:\/\/www.mci-qi.org\/wp-content\/uploads\/2015\/09\/triangle.gif\" alt=\"Pseudo-puce\"><span class=\"texte\"> F\u00e9d\u00e9ration Syndicale Unitaire (issue de la scission de la FEN) \u2013 <a href=\"http:\/\/www.fsu.fr\/\" target=\"_blank\" rel=\"noopener noreferrer\">FSU<\/a><\/span><br \/>\n<img decoding=\"async\" style=\"vertical-align: middle;\" src=\"http:\/\/www.mci-qi.org\/wp-content\/uploads\/2015\/09\/triangle.gif\" alt=\"Pseudo-puce\"><span class=\"texte\"><a href=\"http:\/\/www.confederationpaysanne.fr\/\" target=\"_blank\" rel=\"noopener noreferrer\"> Conf\u00e9d\u00e9ration paysanne<\/a><\/span><\/p>\n<h3 style=\"text-align: justify;\"><span class=\"menu\">Syndicats ouvriers et paysans dans le monde<\/span><\/h3>\n<p style=\"text-align: justify;\"><img decoding=\"async\" style=\"vertical-align: middle;\" src=\"http:\/\/www.mci-qi.org\/wp-content\/uploads\/2015\/09\/triangle.gif\" alt=\"Pseudo-puce\"><span class=\"texte\"> Br\u00e9sil \u2013 La Coordination Nationale de Luttes \u2013 <a href=\"http:\/\/cspconlutas.org.br\/\" target=\"_blank\" rel=\"noopener noreferrer\">CONLUTAS<\/a><\/span><br class=\"texte\"><img decoding=\"async\" style=\"vertical-align: middle;\" src=\"http:\/\/www.mci-qi.org\/wp-content\/uploads\/2015\/09\/triangle.gif\" alt=\"Pseudo-puce\"><span class=\"texte\"> Guadeloupe \u2013 Union G\u00e9n\u00e9rale des Travailleurs de Guadeloupe \u2013 <a href=\"http:\/\/ugtg.org\/\" target=\"_blank\" rel=\"noopener noreferrer\">UGTG<\/a><\/span><br class=\"texte\"><img decoding=\"async\" style=\"vertical-align: middle;\" src=\"http:\/\/www.mci-qi.org\/wp-content\/uploads\/2015\/09\/triangle.gif\" alt=\"Pseudo-puce\"><span class=\"texte\"> Kanaky \/ Nouvelle Cal\u00e9donie \u2013 Union Syndicale des Travailleurs Kanaks et des Exploit\u00e9s \u2013 <a href=\"http:\/\/www.ustke.org\/\" target=\"_blank\" rel=\"noopener noreferrer\">USTKE<\/a><\/span><\/p>\n<h3 style=\"text-align: justify;\"><span class=\"menu\">Les r\u00e9seaux d\u2019information syndicale<\/span><\/h3>\n<p style=\"text-align: justify;\"><img decoding=\"async\" style=\"vertical-align: middle;\" src=\"http:\/\/www.mci-qi.org\/wp-content\/uploads\/2015\/09\/triangle.gif\" alt=\"Pseudo-puce\"> <span class=\"texte\"><a href=\"http:\/\/www.labornotes.org\/\" target=\"_blank\" rel=\"noopener noreferrer\">Labournotes<\/a> \u2013 \u00ab Remettre le mouvement dans le mouvement syndical \u00bb.<\/span><br class=\"texte\"><span class=\"texte\"><img decoding=\"async\" style=\"vertical-align: middle;\" src=\"http:\/\/www.mci-qi.org\/wp-content\/uploads\/2015\/09\/triangle.gif\" alt=\"Pseudo-puce\"> <a href=\"http:\/\/www.labourstart.org\/\" target=\"_blank\" rel=\"noopener noreferrer\">Labourstart<\/a> \u2013 \u00ab L\u00e0 o\u00f9 les syndicalistes devraient commencer leur journ\u00e9e sur le r\u00e9seau \u00bb \u2013 Un site d\u2019actualit\u00e9 syndicale en 15 langues<\/span>.<\/p>\n<h3 style=\"text-align: justify;\"><span class=\"menu\">Des biblioth\u00e8ques militantes en ligne<\/span><\/h3>\n<p><span class=\"texte\"><img decoding=\"async\" style=\"vertical-align: middle;\" src=\"http:\/\/www.mci-qi.org\/wp-content\/uploads\/2015\/09\/triangle.gif\" alt=\"Pseudo-puce\">&nbsp;<a href=\"http:\/\/www.trotsky.com.fr\/\">CERMTRI<\/a> \u2013 Centre d\u2019Etude et de Recherche sur les Mouvements Trotskystes et R\u00e9volutionnaires Internationaux.<\/span><br class=\"texte\"><span class=\"texte\"><img decoding=\"async\" style=\"vertical-align: middle;\" src=\"http:\/\/www.mci-qi.org\/wp-content\/uploads\/2015\/09\/triangle.gif\" alt=\"Pseudo-puce\"> <a href=\"http:\/\/www.iisg.nl\/\">IIHS<\/a> \u2013 Institut International d\u2019Histoire Sociale.<\/span><br class=\"texte\"><span class=\"texte\"><img decoding=\"async\" style=\"vertical-align: middle;\" src=\"http:\/\/www.mci-qi.org\/wp-content\/uploads\/2015\/09\/triangle.gif\" alt=\"Pseudo-puce\"> <a href=\"http:\/\/maitron-en-ligne.univ-paris1.fr\/\">Maitron<\/a> \u2013 Le dictionnaire biographique du mouvement ouvrier.<\/span><br class=\"texte\"><span class=\"texte\"><img decoding=\"async\" style=\"vertical-align: middle;\" src=\"http:\/\/www.mci-qi.org\/wp-content\/uploads\/2015\/09\/triangle.gif\" alt=\"Pseudo-puce\"> <a href=\"https:\/\/www.marxists.org\/francais\/index.htm\">Marxists<\/a> (MIA) \u2013 <strong>Les textes des auteurs se r\u00e9clamant du Marxisme, dans un grand nombre de traductions. Une mine d\u2019or !<\/strong><\/span><br class=\"texte\"><span class=\"texte\"><img decoding=\"async\" style=\"vertical-align: middle;\" src=\"http:\/\/www.mci-qi.org\/wp-content\/uploads\/2015\/09\/triangle.gif\" alt=\"Pseudo-puce\"> <a href=\"http:\/\/www.trotsky-oeuvre.org\/\">Oeuvre<\/a> \u2013 L\u2019oeuvre de L\u00e9on Trotsky.<\/span><\/p>\n<\/div>\n<\/div>\n<div style=\"margin-top: 0px; margin-bottom: 0px;\" class=\"sharethis-inline-share-buttons\" ><\/div>","protected":false},"excerpt":{"rendered":"<div class=\"mh-excerpt\"><p>Autres partis se r\u00e9clamant du mouvement ouvrier Lutte Ouvri\u00e8re &#8211; LO Nouveau Parti Anticapitaliste &#8211; NPA Parti Communiste Fran\u00e7ais &#8211; PCF Parti de Gauche \u2013 <a class=\"mh-excerpt-more\" href=\"https:\/\/mci-qi.org\/?page_id=182\" title=\"Liens\">[&#8230;]<\/a><\/p>\n<\/div>","protected":false},"author":2,"featured_media":0,"parent":0,"menu_order":0,"comment_status":"closed","ping_status":"closed","template":"","meta":{"footnotes":""},"class_list":["post-182","page","type-page","status-publish","hentry"],"_links":{"self":[{"href":"https:\/\/mci-qi.org\/index.php?rest_route=\/wp\/v2\/pages\/182","targetHints":{"allow":["GET"]}}],"collection":[{"href":"https:\/\/mci-qi.org\/index.php?rest_route=\/wp\/v2\/pages"}],"about":[{"href":"https:\/\/mci-qi.org\/index.php?rest_route=\/wp\/v2\/types\/page"}],"author":[{"embeddable":true,"href":"https:\/\/mci-qi.org\/index.php?rest_route=\/wp\/v2\/users\/2"}],"replies":[{"embeddable":true,"href":"https:\/\/mci-qi.org\/index.php?rest_route=%2Fwp%2Fv2%2Fcomments&post=182"}],"version-history":[{"count":31,"href":"https:\/\/mci-qi.org\/index.php?rest_route=\/wp\/v2\/pages\/182\/revisions"}],"predecessor-version":[{"id":6690,"href":"https:\/\/mci-qi.org\/index.php?rest_route=\/wp\/v2\/pages\/182\/revisions\/6690"}],"wp:attachment":[{"href":"https:\/\/mci-qi.org\/index.php?rest_route=%2Fwp%2Fv2%2Fmedia&parent=182"}],"curies":[{"name":"wp","href":"https:\/\/api.w.org\/{rel}","templated":true}]}}